{"id":150,"date":"2020-05-29T19:22:59","date_gmt":"2020-05-29T22:22:59","guid":{"rendered":"https:\/\/www.moro-scalamandre.net\/?page_id=150"},"modified":"2025-11-03T18:30:44","modified_gmt":"2025-11-03T21:30:44","slug":"contato","status":"publish","type":"page","link":"https:\/\/www.moro-scalamandre.net\/en\/contato\/","title":{"rendered":"Contact Us"},"content":{"rendered":"<div data-elementor-type=\"wp-page\" data-elementor-id=\"150\" class=\"elementor elementor-150\" data-elementor-post-type=\"page\">\n\t\t\t\t\t\t<section class=\"elementor-section elementor-top-section elementor-element elementor-element-cc26710 elementor-section-full_width elementor-section-content-space-between elementor-section-height-min-height elementor-section-items-stretch elementor-section-height-default\" data-id=\"cc26710\" data-element_type=\"section\" data-settings=\"{&quot;background_background&quot;:&quot;classic&quot;}\">\n\t\t\t\t\t\t<div class=\"elementor-container elementor-column-gap-wider\">\n\t\t\t\t\t<div class=\"elementor-column elementor-col-66 elementor-top-column elementor-element elementor-element-9f7e708 elementor-hidden-phone\" data-id=\"9f7e708\" data-element_type=\"column\" data-settings=\"{&quot;background_background&quot;:&quot;classic&quot;}\">\n\t\t\t<div class=\"elementor-widget-wrap elementor-element-populated\">\n\t\t\t\t\t\t<div class=\"elementor-element elementor-element-c8c7929 elementor-nav-menu__align-end elementor-nav-menu--dropdown-tablet elementor-nav-menu__text-align-aside elementor-nav-menu--toggle elementor-nav-menu--burger elementor-widget elementor-widget-global elementor-global-1392 elementor-widget-nav-menu\" data-id=\"c8c7929\" data-element_type=\"widget\" data-settings=\"{&quot;layout&quot;:&quot;horizontal&quot;,&quot;submenu_icon&quot;:{&quot;value&quot;:&quot;fas fa-caret-down&quot;,&quot;library&quot;:&quot;fa-solid&quot;},&quot;toggle&quot;:&quot;burger&quot;}\" data-widget_type=\"nav-menu.default\">\n\t\t\t\t<div class=\"elementor-widget-container\">\n\t\t\t\t\t\t\t\t<nav aria-label=\"Menu\" class=\"elementor-nav-menu--main elementor-nav-menu__container elementor-nav-menu--layout-horizontal e--pointer-none\">\n\t\t\t\t<ul id=\"menu-1-c8c7929\" class=\"elementor-nav-menu\"><li class=\"trp-language-switcher-container menu-item menu-item-type-post_type menu-item-object-language_switcher current-language-menu-item menu-item-1427\"><a href=\"https:\/\/www.moro-scalamandre.net\/en\/wp-json\/wp\/v2\/pages\/150\" class=\"elementor-item elementor-item-anchor\"><span data-no-translation><img decoding=\"async\" class=\"trp-flag-image\" src=\"https:\/\/www.moro-scalamandre.net\/wp-content\/uploads\/2020\/09\/lingua-portuguesa-moro-scalamandre-advocacia-sp-210730.svg\" width=\"18\" height=\"12\" alt=\"pt-br\" title=\"Portugu\u00eas BR\"><span class=\"trp-ls-language-name\">PT<\/span><\/span><\/a><\/li>\n<\/ul>\t\t\t<\/nav>\n\t\t\t\t\t<div class=\"elementor-menu-toggle\" role=\"button\" tabindex=\"0\" aria-label=\"Menu Toggle\" aria-expanded=\"false\">\n\t\t\t<i aria-hidden=\"true\" role=\"presentation\" class=\"elementor-menu-toggle__icon--open eicon-menu-bar\"><\/i><i aria-hidden=\"true\" role=\"presentation\" class=\"elementor-menu-toggle__icon--close eicon-close\"><\/i>\t\t<\/div>\n\t\t\t\t\t<nav class=\"elementor-nav-menu--dropdown elementor-nav-menu__container\" aria-hidden=\"true\">\n\t\t\t\t<ul id=\"menu-2-c8c7929\" class=\"elementor-nav-menu\"><li class=\"trp-language-switcher-container menu-item menu-item-type-post_type menu-item-object-language_switcher current-language-menu-item menu-item-1427\"><a href=\"https:\/\/www.moro-scalamandre.net\/en\/wp-json\/wp\/v2\/pages\/150\" class=\"elementor-item elementor-item-anchor\" tabindex=\"-1\"><span data-no-translation><img decoding=\"async\" class=\"trp-flag-image\" src=\"https:\/\/www.moro-scalamandre.net\/wp-content\/uploads\/2020\/09\/lingua-portuguesa-moro-scalamandre-advocacia-sp-210730.svg\" width=\"18\" height=\"12\" alt=\"pt-br\" title=\"Portugu\u00eas BR\"><span class=\"trp-ls-language-name\">PT<\/span><\/span><\/a><\/li>\n<\/ul>\t\t\t<\/nav>\n\t\t\t\t\t\t<\/div>\n\t\t\t\t<\/div>\n\t\t\t\t<div class=\"elementor-element elementor-element-1f11d91 elementor-nav-menu__align-end elementor-nav-menu--dropdown-tablet elementor-nav-menu__text-align-aside elementor-nav-menu--toggle elementor-nav-menu--burger elementor-widget elementor-widget-global elementor-global-1395 elementor-widget-nav-menu\" data-id=\"1f11d91\" data-element_type=\"widget\" data-settings=\"{&quot;layout&quot;:&quot;horizontal&quot;,&quot;submenu_icon&quot;:{&quot;value&quot;:&quot;fas fa-caret-down&quot;,&quot;library&quot;:&quot;fa-solid&quot;},&quot;toggle&quot;:&quot;burger&quot;}\" data-widget_type=\"nav-menu.default\">\n\t\t\t\t<div class=\"elementor-widget-container\">\n\t\t\t\t\t\t\t\t<nav aria-label=\"Menu\" class=\"elementor-nav-menu--main elementor-nav-menu__container elementor-nav-menu--layout-horizontal e--pointer-none\">\n\t\t\t\t<ul id=\"menu-1-1f11d91\" class=\"elementor-nav-menu\"><li class=\"trp-language-switcher-container menu-item menu-item-type-post_type menu-item-object-language_switcher current-language-menu-item menu-item-1426\"><a href=\"https:\/\/www.moro-scalamandre.net\/en\/wp-json\/wp\/v2\/pages\/150\" class=\"elementor-item elementor-item-anchor\"><span data-no-translation><img decoding=\"async\" class=\"trp-flag-image\" src=\"https:\/\/www.moro-scalamandre.net\/wp-content\/uploads\/2020\/09\/lingua-inglesa-moro-scalamandre-advocacia-sp-210659.svg\" width=\"18\" height=\"12\" alt=\"en\" title=\"English 2\"><span class=\"trp-ls-language-name\">EN<\/span><\/span><\/a><\/li>\n<\/ul>\t\t\t<\/nav>\n\t\t\t\t\t<div class=\"elementor-menu-toggle\" role=\"button\" tabindex=\"0\" aria-label=\"Menu Toggle\" aria-expanded=\"false\">\n\t\t\t<i aria-hidden=\"true\" role=\"presentation\" class=\"elementor-menu-toggle__icon--open eicon-menu-bar\"><\/i><i aria-hidden=\"true\" role=\"presentation\" class=\"elementor-menu-toggle__icon--close eicon-close\"><\/i>\t\t<\/div>\n\t\t\t\t\t<nav class=\"elementor-nav-menu--dropdown elementor-nav-menu__container\" aria-hidden=\"true\">\n\t\t\t\t<ul id=\"menu-2-1f11d91\" class=\"elementor-nav-menu\"><li class=\"trp-language-switcher-container menu-item menu-item-type-post_type menu-item-object-language_switcher current-language-menu-item menu-item-1426\"><a href=\"https:\/\/www.moro-scalamandre.net\/en\/wp-json\/wp\/v2\/pages\/150\" class=\"elementor-item elementor-item-anchor\" tabindex=\"-1\"><span data-no-translation><img decoding=\"async\" class=\"trp-flag-image\" src=\"https:\/\/www.moro-scalamandre.net\/wp-content\/uploads\/2020\/09\/lingua-inglesa-moro-scalamandre-advocacia-sp-210659.svg\" width=\"18\" height=\"12\" alt=\"en\" title=\"English 2\"><span class=\"trp-ls-language-name\">EN<\/span><\/span><\/a><\/li>\n<\/ul>\t\t\t<\/nav>\n\t\t\t\t\t\t<\/div>\n\t\t\t\t<\/div>\n\t\t\t\t<div class=\"elementor-element elementor-element-2f2a8a8 section-language-home elementor-hidden-phone elementor-widget elementor-widget-heading\" data-id=\"2f2a8a8\" data-element_type=\"widget\" data-widget_type=\"heading.default\">\n\t\t\t\t<div class=\"elementor-widget-container\">\n\t\t\t\t\t<h2 class=\"elementor-heading-title elementor-size-default\">A legacy of dedication to the practice of law<\/h2>\t\t\t\t<\/div>\n\t\t\t\t<\/div>\n\t\t\t\t\t<\/div>\n\t\t<\/div>\n\t\t\t\t<div class=\"elementor-column elementor-col-33 elementor-top-column elementor-element elementor-element-692dbbf\" data-id=\"692dbbf\" data-element_type=\"column\" data-settings=\"{&quot;background_background&quot;:&quot;classic&quot;}\">\n\t\t\t<div class=\"elementor-widget-wrap elementor-element-populated\">\n\t\t\t\t\t\t<div class=\"elementor-element elementor-element-36a52c6 elementor-widget elementor-widget-heading\" data-id=\"36a52c6\" data-element_type=\"widget\" data-widget_type=\"heading.default\">\n\t\t\t\t<div class=\"elementor-widget-container\">\n\t\t\t\t\t<h2 class=\"elementor-heading-title elementor-size-default\">Contact Us<\/h2>\t\t\t\t<\/div>\n\t\t\t\t<\/div>\n\t\t\t\t<div class=\"elementor-element elementor-element-61cbdc0 section-banner-arrow-escritorio elementor-hidden-phone elementor-view-default elementor-widget elementor-widget-icon\" data-id=\"61cbdc0\" data-element_type=\"widget\" data-widget_type=\"icon.default\">\n\t\t\t\t<div class=\"elementor-widget-container\">\n\t\t\t\t\t\t\t<div class=\"elementor-icon-wrapper\">\n\t\t\t<a class=\"elementor-icon\" href=\"#sessao-intro-contato\">\n\t\t\t\t\t\t<\/a>\n\t\t<\/div>\n\t\t\t\t\t\t<\/div>\n\t\t\t\t<\/div>\n\t\t\t\t\t<\/div>\n\t\t<\/div>\n\t\t\t\t\t<\/div>\n\t\t<\/section>\n\t\t\t\t<section class=\"elementor-section elementor-top-section elementor-element elementor-element-36714fb elementor-section-boxed elementor-section-height-default elementor-section-height-default\" data-id=\"36714fb\" data-element_type=\"section\" id=\"sessao-intro-contato\" data-settings=\"{&quot;background_background&quot;:&quot;classic&quot;}\">\n\t\t\t\t\t\t<div class=\"elementor-container elementor-column-gap-default\">\n\t\t\t\t\t<div class=\"elementor-column elementor-col-50 elementor-top-column elementor-element elementor-element-a3dfbba\" data-id=\"a3dfbba\" data-element_type=\"column\">\n\t\t\t<div class=\"elementor-widget-wrap elementor-element-populated\">\n\t\t\t\t\t\t<div class=\"elementor-element elementor-element-b2e88d0 elementor-widget elementor-widget-heading\" data-id=\"b2e88d0\" data-element_type=\"widget\" data-widget_type=\"heading.default\">\n\t\t\t\t<div class=\"elementor-widget-container\">\n\t\t\t\t\t<h1 class=\"elementor-heading-title elementor-size-default\">Contato Moro e Scalamandr\u00e9 Advocacia<\/h1>\t\t\t\t<\/div>\n\t\t\t\t<\/div>\n\t\t\t\t<div class=\"elementor-element elementor-element-d161afa elementor-widget elementor-widget-heading\" data-id=\"d161afa\" data-element_type=\"widget\" data-widget_type=\"heading.default\">\n\t\t\t\t<div class=\"elementor-widget-container\">\n\t\t\t\t\t<h2 class=\"elementor-heading-title elementor-size-default\">Preencha o formul\u00e1rio e<br> envie uma mensagem.<\/h2>\t\t\t\t<\/div>\n\t\t\t\t<\/div>\n\t\t\t\t<div class=\"elementor-element elementor-element-ce6483d elementor-button-align-stretch elementor-widget elementor-widget-form\" data-id=\"ce6483d\" data-element_type=\"widget\" data-settings=\"{&quot;button_width&quot;:&quot;40&quot;,&quot;step_next_label&quot;:&quot;Pr\\u00f3ximo&quot;,&quot;step_previous_label&quot;:&quot;Anterior&quot;,&quot;step_type&quot;:&quot;number_text&quot;,&quot;step_icon_shape&quot;:&quot;circle&quot;}\" data-widget_type=\"form.default\">\n\t\t\t\t<div class=\"elementor-widget-container\">\n\t\t\t\t\t\t\t<form class=\"elementor-form\" method=\"post\" name=\"Novo formul\u00e1rio\" action=\"\">\n\t\t\t<input type=\"hidden\" name=\"post_id\" value=\"150\"\/>\n\t\t\t<input type=\"hidden\" name=\"form_id\" value=\"ce6483d\"\/>\n\t\t\t<input type=\"hidden\" name=\"referer_title\" value=\"Moro &amp; Scalamandr&eacute; Advocacia\" \/>\n\n\t\t\t\n\t\t\t<div class=\"elementor-form-fields-wrapper elementor-labels-above\">\n\t\t\t\t\t\t\t\t<div class=\"elementor-field-type-text elementor-field-group elementor-column elementor-field-group-name elementor-col-100\">\n\t\t\t\t\t\t\t\t\t\t\t\t\t<input size=\"1\" type=\"text\" name=\"form_fields[name]\" id=\"form-field-name\" class=\"elementor-field elementor-size-sm  elementor-field-textual\" placeholder=\"SEU NOME\">\n\t\t\t\t\t\t\t\t\t\t\t<\/div>\n\t\t\t\t\t\t\t\t<div class=\"elementor-field-type-email elementor-field-group elementor-column elementor-field-group-email elementor-col-100 elementor-field-required\">\n\t\t\t\t\t\t\t\t\t\t\t\t\t<input size=\"1\" type=\"email\" name=\"form_fields[email]\" id=\"form-field-email\" class=\"elementor-field elementor-size-sm  elementor-field-textual\" placeholder=\"exemplo@email.com.br\" required=\"required\">\n\t\t\t\t\t\t\t\t\t\t\t<\/div>\n\t\t\t\t\t\t\t\t<div class=\"elementor-field-type-text elementor-field-group elementor-column elementor-field-group-field_56f05cd elementor-col-100\">\n\t\t\t\t\t\t\t\t\t\t\t\t\t<input size=\"1\" type=\"text\" name=\"form_fields[field_56f05cd]\" id=\"form-field-field_56f05cd\" class=\"elementor-field elementor-size-sm  elementor-field-textual\" placeholder=\"QUAL ASSUNTO DESEJA FALAR ?\">\n\t\t\t\t\t\t\t\t\t\t\t<\/div>\n\t\t\t\t\t\t\t\t<div class=\"elementor-field-type-textarea elementor-field-group elementor-column elementor-field-group-message elementor-col-100\">\n\t\t\t\t\t<textarea class=\"elementor-field-textual elementor-field  elementor-size-sm\" name=\"form_fields[message]\" id=\"form-field-message\" rows=\"4\" placeholder=\"DEIXE SUA MENSAGEM\"><\/textarea>\t\t\t\t<\/div>\n\t\t\t\t\t\t\t\t<div class=\"elementor-field-group elementor-column elementor-field-type-submit elementor-col-40 e-form__buttons\">\n\t\t\t\t\t<button class=\"elementor-button elementor-size-sm\" type=\"submit\">\n\t\t\t\t\t\t<span class=\"elementor-button-content-wrapper\">\n\t\t\t\t\t\t\t\t\t\t\t\t\t\t\t\t\t\t\t\t\t\t<span class=\"elementor-button-text\">Enviar<\/span>\n\t\t\t\t\t\t\t\t\t\t\t\t\t<\/span>\n\t\t\t\t\t<\/button>\n\t\t\t\t<\/div>\n\t\t\t<\/div>\n\t\t<input type=\"hidden\" name=\"trp-form-language\" value=\"en\"\/><\/form>\n\t\t\t\t\t\t<\/div>\n\t\t\t\t<\/div>\n\t\t\t\t\t<\/div>\n\t\t<\/div>\n\t\t\t\t<div class=\"elementor-column elementor-col-50 elementor-top-column elementor-element elementor-element-5424c69\" data-id=\"5424c69\" data-element_type=\"column\">\n\t\t\t<div class=\"elementor-widget-wrap\">\n\t\t\t\t\t\t\t<\/div>\n\t\t<\/div>\n\t\t\t\t\t<\/div>\n\t\t<\/section>\n\t\t\t\t<\/div>","protected":false},"excerpt":{"rendered":"<p>uma hist\u00f3ria dedicada \u00e0 advocacia trabalhista Contato Contato Moro e Scalamandr\u00e9 Advocacia Preencha o formul\u00e1rio e envie uma mensagem.<\/p>","protected":false},"author":2,"featured_media":0,"parent":0,"menu_order":0,"comment_status":"closed","ping_status":"closed","template":"elementor_header_footer","meta":{"footnotes":""},"class_list":["post-150","page","type-page","status-publish"],"yoast_head":"<!-- This site is optimized with the Yoast SEO plugin v24.8.1 - https:\/\/yoast.com\/wordpress\/plugins\/seo\/ -->\n<title>Contato | Moro &amp; Scalamandr&eacute; Advocacia<\/title>\n<meta name=\"description\" content=\"Informa\u00e7\u00f5es de contato Moro e Scalamandr\u00e9. Entre em contato conosco atrav\u00e9s do site, ser\u00e1 um prazo lhe atender.\" \/>\n<meta name=\"robots\" content=\"index, follow, max-snippet:-1, max-image-preview:large, max-video-preview:-1\" \/>\n<link rel=\"canonical\" href=\"https:\/\/www.moro-scalamandre.net\/en\/contato\/\" \/>\n<meta property=\"og:locale\" content=\"en_US\" \/>\n<meta property=\"og:type\" content=\"article\" \/>\n<meta property=\"og:title\" content=\"Contato | Moro &amp; Scalamandr&eacute; Advocacia\" \/>\n<meta property=\"og:description\" content=\"Informa\u00e7\u00f5es de contato Moro e Scalamandr\u00e9. Entre em contato conosco atrav\u00e9s do site, ser\u00e1 um prazo lhe atender.\" \/>\n<meta property=\"og:url\" content=\"https:\/\/www.moro-scalamandre.net\/en\/contato\/\" \/>\n<meta property=\"og:site_name\" content=\"Moro &amp; Scalamandr&eacute; Advocacia\" \/>\n<meta property=\"article:modified_time\" content=\"2025-11-03T21:30:44+00:00\" \/>\n<meta property=\"og:image\" content=\"https:\/\/www.moro-scalamandre.net\/wp-content\/uploads\/2021\/06\/advocacia-trabalhista.png\" \/>\n\t<meta property=\"og:image:width\" content=\"1200\" \/>\n\t<meta property=\"og:image:height\" content=\"628\" \/>\n\t<meta property=\"og:image:type\" content=\"image\/png\" \/>\n<meta name=\"twitter:card\" content=\"summary_large_image\" \/>\n<meta name=\"twitter:label1\" content=\"Est. reading time\" \/>\n\t<meta name=\"twitter:data1\" content=\"1 minute\" \/>\n<script type=\"application\/ld+json\" class=\"yoast-schema-graph\">{\"@context\":\"https:\/\/schema.org\",\"@graph\":[{\"@type\":\"WebPage\",\"@id\":\"https:\/\/www.moro-scalamandre.net\/contato\/\",\"url\":\"https:\/\/www.moro-scalamandre.net\/contato\/\",\"name\":\"Contato | Moro &amp; Scalamandr&eacute; Advocacia\",\"isPartOf\":{\"@id\":\"https:\/\/www.moro-scalamandre.net\/#website\"},\"datePublished\":\"2020-05-29T22:22:59+00:00\",\"dateModified\":\"2025-11-03T21:30:44+00:00\",\"description\":\"Informa\u00e7\u00f5es de contato Moro e Scalamandr\u00e9. Entre em contato conosco atrav\u00e9s do site, ser\u00e1 um prazo lhe atender.\",\"breadcrumb\":{\"@id\":\"https:\/\/www.moro-scalamandre.net\/contato\/#breadcrumb\"},\"inLanguage\":\"en\",\"potentialAction\":[{\"@type\":\"ReadAction\",\"target\":[\"https:\/\/www.moro-scalamandre.net\/contato\/\"]}]},{\"@type\":\"BreadcrumbList\",\"@id\":\"https:\/\/www.moro-scalamandre.net\/contato\/#breadcrumb\",\"itemListElement\":[{\"@type\":\"ListItem\",\"position\":1,\"name\":\"HOME\",\"item\":\"https:\/\/www.moro-scalamandre.net\/\"},{\"@type\":\"ListItem\",\"position\":2,\"name\":\"Contato\"}]},{\"@type\":\"WebSite\",\"@id\":\"https:\/\/www.moro-scalamandre.net\/#website\",\"url\":\"https:\/\/www.moro-scalamandre.net\/\",\"name\":\"Moro &amp; Scalamandr&eacute; Advocacia\",\"description\":\"\",\"publisher\":{\"@id\":\"https:\/\/www.moro-scalamandre.net\/#organization\"},\"potentialAction\":[{\"@type\":\"SearchAction\",\"target\":{\"@type\":\"EntryPoint\",\"urlTemplate\":\"https:\/\/www.moro-scalamandre.net\/?s={search_term_string}\"},\"query-input\":{\"@type\":\"PropertyValueSpecification\",\"valueRequired\":true,\"valueName\":\"search_term_string\"}}],\"inLanguage\":\"en\"},{\"@type\":\"Organization\",\"@id\":\"https:\/\/www.moro-scalamandre.net\/#organization\",\"name\":\"Moro &amp; Scalamandr&eacute; Advocacia\",\"url\":\"https:\/\/www.moro-scalamandre.net\/\",\"logo\":{\"@type\":\"ImageObject\",\"inLanguage\":\"en\",\"@id\":\"https:\/\/www.moro-scalamandre.net\/#\/schema\/logo\/image\/\",\"url\":\"https:\/\/www.moro-scalamandre.net\/wp-content\/uploads\/2020\/09\/logo-moro-e-scalamandre-advocacia-sp-190848.svg\",\"contentUrl\":\"https:\/\/www.moro-scalamandre.net\/wp-content\/uploads\/2020\/09\/logo-moro-e-scalamandre-advocacia-sp-190848.svg\",\"caption\":\"Moro &amp; Scalamandr&eacute; Advocacia\"},\"image\":{\"@id\":\"https:\/\/www.moro-scalamandre.net\/#\/schema\/logo\/image\/\"}}]}<\/script>\n<!-- \/ Yoast SEO plugin. -->","yoast_head_json":{"title":"Contato | Moro &amp; Scalamandr&eacute; Advocacia","description":"Informa\u00e7\u00f5es de contato Moro e Scalamandr\u00e9. Entre em contato conosco atrav\u00e9s do site, ser\u00e1 um prazo lhe atender.","robots":{"index":"index","follow":"follow","max-snippet":"max-snippet:-1","max-image-preview":"max-image-preview:large","max-video-preview":"max-video-preview:-1"},"canonical":"https:\/\/www.moro-scalamandre.net\/en\/contato\/","og_locale":"en_US","og_type":"article","og_title":"Contato | Moro &amp; Scalamandr&eacute; Advocacia","og_description":"Informa\u00e7\u00f5es de contato Moro e Scalamandr\u00e9. Entre em contato conosco atrav\u00e9s do site, ser\u00e1 um prazo lhe atender.","og_url":"https:\/\/www.moro-scalamandre.net\/en\/contato\/","og_site_name":"Moro &amp; Scalamandr&eacute; Advocacia","article_modified_time":"2025-11-03T21:30:44+00:00","og_image":[{"width":1200,"height":628,"url":"https:\/\/www.moro-scalamandre.net\/wp-content\/uploads\/2021\/06\/advocacia-trabalhista.png","type":"image\/png"}],"twitter_card":"summary_large_image","twitter_misc":{"Est. reading time":"1 minute"},"schema":{"@context":"https:\/\/schema.org","@graph":[{"@type":"WebPage","@id":"https:\/\/www.moro-scalamandre.net\/contato\/","url":"https:\/\/www.moro-scalamandre.net\/contato\/","name":"Contato | Moro &amp; Scalamandr&eacute; Advocacia","isPartOf":{"@id":"https:\/\/www.moro-scalamandre.net\/#website"},"datePublished":"2020-05-29T22:22:59+00:00","dateModified":"2025-11-03T21:30:44+00:00","description":"Informa\u00e7\u00f5es de contato Moro e Scalamandr\u00e9. Entre em contato conosco atrav\u00e9s do site, ser\u00e1 um prazo lhe atender.","breadcrumb":{"@id":"https:\/\/www.moro-scalamandre.net\/contato\/#breadcrumb"},"inLanguage":"en","potentialAction":[{"@type":"ReadAction","target":["https:\/\/www.moro-scalamandre.net\/contato\/"]}]},{"@type":"BreadcrumbList","@id":"https:\/\/www.moro-scalamandre.net\/contato\/#breadcrumb","itemListElement":[{"@type":"ListItem","position":1,"name":"HOME","item":"https:\/\/www.moro-scalamandre.net\/"},{"@type":"ListItem","position":2,"name":"Contato"}]},{"@type":"WebSite","@id":"https:\/\/www.moro-scalamandre.net\/#website","url":"https:\/\/www.moro-scalamandre.net\/","name":"Moro &amp; Scalamandr&eacute; Advocacia","description":"","publisher":{"@id":"https:\/\/www.moro-scalamandre.net\/#organization"},"potentialAction":[{"@type":"SearchAction","target":{"@type":"EntryPoint","urlTemplate":"https:\/\/www.moro-scalamandre.net\/?s={search_term_string}"},"query-input":{"@type":"PropertyValueSpecification","valueRequired":true,"valueName":"search_term_string"}}],"inLanguage":"en"},{"@type":"Organization","@id":"https:\/\/www.moro-scalamandre.net\/#organization","name":"Moro &amp; Scalamandr&eacute; Advocacia","url":"https:\/\/www.moro-scalamandre.net\/","logo":{"@type":"ImageObject","inLanguage":"en","@id":"https:\/\/www.moro-scalamandre.net\/#\/schema\/logo\/image\/","url":"https:\/\/www.moro-scalamandre.net\/wp-content\/uploads\/2020\/09\/logo-moro-e-scalamandre-advocacia-sp-190848.svg","contentUrl":"https:\/\/www.moro-scalamandre.net\/wp-content\/uploads\/2020\/09\/logo-moro-e-scalamandre-advocacia-sp-190848.svg","caption":"Moro &amp; Scalamandr&eacute; Advocacia"},"image":{"@id":"https:\/\/www.moro-scalamandre.net\/#\/schema\/logo\/image\/"}}]}},"_links":{"self":[{"href":"https:\/\/www.moro-scalamandre.net\/en\/wp-json\/wp\/v2\/pages\/150","targetHints":{"allow":["GET"]}}],"collection":[{"href":"https:\/\/www.moro-scalamandre.net\/en\/wp-json\/wp\/v2\/pages"}],"about":[{"href":"https:\/\/www.moro-scalamandre.net\/en\/wp-json\/wp\/v2\/types\/page"}],"author":[{"embeddable":true,"href":"https:\/\/www.moro-scalamandre.net\/en\/wp-json\/wp\/v2\/users\/2"}],"replies":[{"embeddable":true,"href":"https:\/\/www.moro-scalamandre.net\/en\/wp-json\/wp\/v2\/comments?post=150"}],"version-history":[{"count":3,"href":"https:\/\/www.moro-scalamandre.net\/en\/wp-json\/wp\/v2\/pages\/150\/revisions"}],"predecessor-version":[{"id":1800,"href":"https:\/\/www.moro-scalamandre.net\/en\/wp-json\/wp\/v2\/pages\/150\/revisions\/1800"}],"wp:attachment":[{"href":"https:\/\/www.moro-scalamandre.net\/en\/wp-json\/wp\/v2\/media?parent=150"}],"curies":[{"name":"wp","href":"https:\/\/api.w.org\/{rel}","templated":true}]}}